{"id":56,"date":"2026-02-24T01:01:59","date_gmt":"2026-02-24T01:01:59","guid":{"rendered":"https:\/\/esferico360.com\/blog\/?page_id=56"},"modified":"2026-02-28T03:03:32","modified_gmt":"2026-02-28T03:03:32","slug":"blog","status":"publish","type":"page","link":"https:\/\/esferico360.com\/blog\/","title":{"rendered":"Blog"},"content":{"rendered":"<div class=\"et_pb_section_0 et_pb_section et_section_regular et_block_section preset--group--divi-section--divi-background--default\">\n<div class=\"et_pb_row_0 et_pb_row et_block_row preset--group--divi-row--divi-background--default\">\n<div class=\"et_pb_column_0 et_pb_column et_pb_column_4_4 et-last-child et_block_column et_pb_css_mix_blend_mode_passthrough preset--group--divi-column--divi-background--default\">\n<div class=\"et_pb_blog_0 et_pb_blog et_pb_bg_layout_light et_pb_posts et_pb_module preset--group--divi-blog--divi-background--default\"><div class=\"et_pb_ajax_pagination_container\"><div class=\"et_pb_posts et_grid_module\"><article class=\"et_pb_post et_pb_post_id_145 clearfix et_pb_no_thumb et_pb_blog_item_0_0 post-145 post type-post status-publish format-standard hentry category-sin-categoria\"><h2 class=\"entry-title\"><a href=\"https:\/\/esferico360.com\/blog\/atrae-mas-clientes-a-tu-negocio-en-tijuana-con-recorridos-virtuales\/\">Atrae m\u00e1s clientes a tu negocio en Tijuana con recorridos virtuales<\/a><\/h2><p class=\"post-meta\"><span class=\"published\">Mar 16, 2026<\/span><\/p><div class=\"post-content\"><div class=\"post-content-inner\"><p>En una ciudad tan din\u00e1mica y competitiva como Tijuana, destacar en internet es clave para atraer nuevos clientes. Una de las herramientas m\u00e1s efectivas para lograrlo son los recorridos virtuales interactivos, que permiten a las personas explorar un negocio como si&#8230;<\/p>\n<\/div><a href=\"https:\/\/esferico360.com\/blog\/atrae-mas-clientes-a-tu-negocio-en-tijuana-con-recorridos-virtuales\/\" class=\"more-link\">Read More<\/a><\/div><\/article><article class=\"et_pb_post et_pb_post_id_52 clearfix et_pb_blog_item_0_1 post-52 post type-post status-publish format-standard has-post-thumbnail hentry category-sin-categoria\"><div class=\"et_pb_image_container\"><a href=\"https:\/\/esferico360.com\/blog\/como-los-recorridos-virtuales-impulsan-el-turismo-medico-en-tijuana\/\" class=\"entry-featured-image-url\"><img loading=\"lazy\" decoding=\"async\" src=\"https:\/\/esferico360.com\/blog\/wp-content\/uploads\/2026\/02\/clinic.png\" width=\"400\" height=\"284\" alt=\"C\u00f3mo los recorridos virtuales impulsan el turismo m\u00e9dico en Tijuana\" class=\"\" srcset=\"https:\/\/esferico360.com\/blog\/wp-content\/uploads\/2026\/02\/clinic.png 479w, https:\/\/esferico360.com\/blog\/wp-content\/uploads\/2026\/02\/clinic-400x284.png 480w\" sizes=\"(max-width:479px) 479px, 100vw\" \/><span data-icon=\"\ue050\" class=\"et_overlay et_pb_inline_icon\"><\/span><\/a><\/div><h2 class=\"entry-title\"><a href=\"https:\/\/esferico360.com\/blog\/como-los-recorridos-virtuales-impulsan-el-turismo-medico-en-tijuana\/\">C\u00f3mo los recorridos virtuales impulsan el turismo m\u00e9dico en Tijuana<\/a><\/h2><p class=\"post-meta\"><span class=\"published\">Feb 24, 2026<\/span><\/p><div class=\"post-content\"><div class=\"post-content-inner\"><p>Con el crecimiento del turismo m\u00e9dico y el avance de la tecnolog\u00eda digital, las cl\u00ednicas y hospitales en Tijuana enfrentan un nuevo reto: Generar confianza antes de que el paciente cruce la puerta. Hoy, los pacientes \u2014especialmente quienes vienen de Estados Unidos\u2014&#8230;<\/p>\n<\/div><a href=\"https:\/\/esferico360.com\/blog\/como-los-recorridos-virtuales-impulsan-el-turismo-medico-en-tijuana\/\" class=\"more-link\">Read More<\/a><\/div><\/article><article class=\"et_pb_post et_pb_post_id_1 clearfix et_pb_blog_item_0_2 post-1 post type-post status-publish format-standard has-post-thumbnail hentry category-sin-categoria\"><div class=\"et_pb_image_container\"><a href=\"https:\/\/esferico360.com\/blog\/recorridos-virtuales-herramienta-que-esta-transformando-las-ventas\/\" class=\"entry-featured-image-url\"><img loading=\"lazy\" decoding=\"async\" src=\"https:\/\/esferico360.com\/blog\/wp-content\/uploads\/2026\/02\/35E7E597-C158-4554-B311-1AC7546B3BBB.png\" width=\"400\" height=\"284\" alt=\"Recorridos Virtuales 360: La Herramienta Digital Que Est\u00e1 Transformando las Ventas en 2026\" class=\"\" srcset=\"https:\/\/esferico360.com\/blog\/wp-content\/uploads\/2026\/02\/35E7E597-C158-4554-B311-1AC7546B3BBB.png 479w, https:\/\/esferico360.com\/blog\/wp-content\/uploads\/2026\/02\/35E7E597-C158-4554-B311-1AC7546B3BBB-400x284.png 480w\" sizes=\"(max-width:479px) 479px, 100vw\" \/><span data-icon=\"\ue050\" class=\"et_overlay et_pb_inline_icon\"><\/span><\/a><\/div><h2 class=\"entry-title\"><a href=\"https:\/\/esferico360.com\/blog\/recorridos-virtuales-herramienta-que-esta-transformando-las-ventas\/\">Recorridos Virtuales 360: La Herramienta Digital Que Est\u00e1 Transformando las Ventas en 2026<\/a><\/h2><p class=\"post-meta\"><span class=\"published\">Feb 18, 2026<\/span><\/p><div class=\"post-content\"><div class=\"post-content-inner\"><p>En un mercado cada vez m\u00e1s competitivo, las empresas que logran destacar son aquellas que permiten a sus clientes vivir una experiencia antes de comprar. Los recorridos virtuales 360 no solo muestran un espacio\u2026 permiten explorarlo como si el usuario estuviera ah\u00ed. Ya&#8230;<\/p>\n<\/div><a href=\"https:\/\/esferico360.com\/blog\/recorridos-virtuales-herramienta-que-esta-transformando-las-ventas\/\" class=\"more-link\">Read More<\/a><\/div><\/article><\/div><div class=\"pagination clearfix\">\n\t<div class=\"alignleft\"><\/div>\n\t<div class=\"alignright\"><\/div>\n<\/div><\/div><\/div>\n<\/div>\n<\/div>\n<\/div>","protected":false},"excerpt":{"rendered":"","protected":false},"author":1,"featured_media":0,"parent":0,"menu_order":0,"comment_status":"closed","ping_status":"closed","template":"","meta":{"footnotes":""},"class_list":["post-56","page","type-page","status-publish","hentry"],"_links":{"self":[{"href":"https:\/\/esferico360.com\/blog\/wp-json\/wp\/v2\/pages\/56","targetHints":{"allow":["GET"]}}],"collection":[{"href":"https:\/\/esferico360.com\/blog\/wp-json\/wp\/v2\/pages"}],"about":[{"href":"https:\/\/esferico360.com\/blog\/wp-json\/wp\/v2\/types\/page"}],"author":[{"embeddable":true,"href":"https:\/\/esferico360.com\/blog\/wp-json\/wp\/v2\/users\/1"}],"replies":[{"embeddable":true,"href":"https:\/\/esferico360.com\/blog\/wp-json\/wp\/v2\/comments?post=56"}],"version-history":[{"count":15,"href":"https:\/\/esferico360.com\/blog\/wp-json\/wp\/v2\/pages\/56\/revisions"}],"predecessor-version":[{"id":136,"href":"https:\/\/esferico360.com\/blog\/wp-json\/wp\/v2\/pages\/56\/revisions\/136"}],"wp:attachment":[{"href":"https:\/\/esferico360.com\/blog\/wp-json\/wp\/v2\/media?parent=56"}],"curies":[{"name":"wp","href":"https:\/\/api.w.org\/{rel}","templated":true}]}}